{"id":27,"date":"2024-08-07T07:50:32","date_gmt":"2024-08-07T07:50:32","guid":{"rendered":"https:\/\/danys.es\/?page_id=27"},"modified":"2024-08-13T10:19:31","modified_gmt":"2024-08-13T10:19:31","slug":"servicii","status":"publish","type":"page","link":"https:\/\/danys.es\/?page_id=27","title":{"rendered":"Servicii"},"content":{"rendered":"\n<p>La Clubul Beaglelor Veseli, fiecare l\u0103bu\u021b\u0103 conteaz\u0103! Oferim amuzament pe toate fronturile \u2013 de la sesiuni de joac\u0103 f\u0103r\u0103 sf\u00e2r\u0219it, p\u00e2n\u0103 la concursuri de giumbu\u0219lucuri care \u00ee\u021bi vor face coada s\u0103 bat\u0103 recorduri de vitez\u0103! Dar nu ne oprim aici. Suntem \u0219i un izvor nesecat de informa\u021bii serioase pentru st\u0103p\u00e2nii grijulii: sfaturi despre \u00eengrijire, nutri\u021bie \u0219i antrenament. La noi, distrac\u021bia \u0219i educa\u021bia merg l\u0103bu\u021b\u0103 \u00een l\u0103bu\u021b\u0103! Oferim amuzament, dar \u0219i informa\u021bii serioase \u2013 tot ce ai nevoie pentru a fi cel mai fericit \u0219i bine informat beagle.<\/p>\n","protected":false},"excerpt":{"rendered":"<p>La Clubul Beaglelor Veseli, fiecare l\u0103bu\u021b\u0103 conteaz\u0103! Oferim amuzament pe toate fronturile \u2013 de la sesiuni de joac\u0103 f\u0103r\u0103 sf\u00e2r\u0219it, p\u00e2n\u0103 la concursuri de giumbu\u0219lucuri care \u00ee\u021bi vor face coada s\u0103 bat\u0103 recorduri de vitez\u0103! Dar nu ne oprim aici. Suntem \u0219i un izvor nesecat de informa\u021bii serioase pentru st\u0103p\u00e2nii grijulii: sfaturi despre \u00eengrijire, nutri\u021bie &hellip; <\/p>\n<p class=\"link-more\"><a href=\"https:\/\/danys.es\/?page_id=27\" class=\"more-link\">Cite\u0219te mai multe<span class=\"screen-reader-text\">\u201eServicii\u201d<\/span><\/a><\/p>\n","protected":false},"author":1,"featured_media":0,"parent":0,"menu_order":0,"comment_status":"closed","ping_status":"closed","template":"","meta":{"footnotes":""},"class_list":["post-27","page","type-page","status-publish","hentry"],"jetpack_sharing_enabled":true,"_links":{"self":[{"href":"https:\/\/danys.es\/index.php?rest_route=\/wp\/v2\/pages\/27","targetHints":{"allow":["GET"]}}],"collection":[{"href":"https:\/\/danys.es\/index.php?rest_route=\/wp\/v2\/pages"}],"about":[{"href":"https:\/\/danys.es\/index.php?rest_route=\/wp\/v2\/types\/page"}],"author":[{"embeddable":true,"href":"https:\/\/danys.es\/index.php?rest_route=\/wp\/v2\/users\/1"}],"replies":[{"embeddable":true,"href":"https:\/\/danys.es\/index.php?rest_route=%2Fwp%2Fv2%2Fcomments&post=27"}],"version-history":[{"count":2,"href":"https:\/\/danys.es\/index.php?rest_route=\/wp\/v2\/pages\/27\/revisions"}],"predecessor-version":[{"id":102,"href":"https:\/\/danys.es\/index.php?rest_route=\/wp\/v2\/pages\/27\/revisions\/102"}],"wp:attachment":[{"href":"https:\/\/danys.es\/index.php?rest_route=%2Fwp%2Fv2%2Fmedia&parent=27"}],"curies":[{"name":"wp","href":"https:\/\/api.w.org\/{rel}","templated":true}]}}