{"id":136,"date":"2024-08-13T11:19:33","date_gmt":"2024-08-13T11:19:33","guid":{"rendered":"https:\/\/danys.es\/?page_id=136"},"modified":"2024-08-13T12:18:17","modified_gmt":"2024-08-13T12:18:17","slug":"despre-noi-2","status":"publish","type":"page","link":"https:\/\/danys.es\/?page_id=136","title":{"rendered":"Despre noi"},"content":{"rendered":"\n<p>Salut!<\/p>\n\n\n\n<p>Noi suntem, \u00een ordinea \u00een care ne-au adus \u00een casa lor<strong>, Netvy, Thea <\/strong>\u015fi<strong> Afi<\/strong>. Urmeaz\u0103 s\u0103 ne prezent\u0103m, pentru c\u0103 nu ne cunoa\u015fte\u0163i, pe rand.<\/p>\n\n\n\n<p>Preambul: Erau lini\u015fti\u0163i (ea, Atena \u015fi el, Dany) la \u00eenceputul rela\u0163iei lor c\u00e2nd au sim\u0163it c\u0103 au nevoie de un suflet care s\u0103 le coloreze vie\u0163ile \u015fi s\u0103 le pun\u0103 extra-z\u00e2mbete pe fe\u0163e. Pentru c\u0103 singurul suflet capabil de a \u00eendeplini at\u00e2tea cerin\u0163e este unul canin, au decis s\u0103 fie unul de beagle pentru \u015fi mai mult\u0103 provocare.<\/p>\n\n\n\n<p><strong>Netvy<\/strong>: am venit \u00een lumea asta \u00een ianuarie 2013 \u015fi am intrat \u00een casa lor la c\u00e2teva luni dupa ce m-am n\u0103scut. S\u0103 nu crede\u0163i c\u0103 le-a fost u\u015for s\u0103 m\u0103 g\u0103seasc\u0103. M-au adus, de departe, din Ungaria. Nu ave\u0163i idee cu c\u00e2t\u0103 dragoste am fost \u00eent\u00e2mpinat! Aveam deja p\u0103tu\u0163ul MEU, bolurile MELE de apa \u015fi m\u00e2ncare, ba chiar \u015fi juc\u0103rii (ni\u015fte obiecte cu care eu ar fi trebuit s\u0103-mi umplu timpul \u015fi s\u0103 m\u0103 bucur de copil\u0103ria mea). Eu sunt primul beagle din via\u0163a lor \u015fi cel mai important. Mi-am creat leg\u0103turi puternice cu p\u0103rin\u0163ii mei, dar mai ales cu mama, care s\u0103 \u015fti\u0163i c\u0103 m\u0103 ador\u0103.<\/p>\n\n\n\n<p><strong>Thea<\/strong>: am venit pe lume in mai 2014 si am intrat in casa lor prin invaluire. M-au descoperit undeva prin Baia Mare, la numai cateva luni de la nasterea mea, la niste parinti care nu aveau grija de mine si care nu ma mai doreau. &nbsp;M-au cumparat de la oamenii din Baia Mare pentru a ma trimite la o alta familie care avea nevoie de un suflet ca al meu, urmand sa stau cu ei o perioada inainte de a face cunostinta cu noua mea casa. Numai ca planurile mele au fost diferite de planurile lor. Am lucrat cu veriga cea mai slaba si l-am facut pe Netvy dependent de mine. Doua saptamani. Atat mi-a luat s-o conving si pe mami sa ma pastreze. Eu sunt al doilea beagle din viata lor, dar sunt cea mai haioasa.<\/p>\n\n\n\n<p><strong>Afi: <\/strong>eu nu stiu cand am venit pe lume, dar ei si medicii veterinari presupun ca in 2012. Au stabilit ca in septembrie sa fie ziua mea. Am intrat in casa lor salvat de pe munti de catre tati, care a incercat sa-mi gaseasca familia de la care se presupunea ca am evadat, dar a fost in zadar. Intrucat nu aveam microcip, cautarea nu a dat niciun rezultat asa ca m-au oprit la ei. Cand i-am cunoscut nu stiam ce este dragostea si nici nu eram dispus sa invat ceva despre o notiune noua. Le-am facut zile fripte, insa nu au renuntat la mine. Sunt, sa spunem, cel mai dificil dintre toti pentru ca viata ma pana sa ajung la ei a fost una grea. M-au gasit flamand, plin de rani si cu traume emotionale. Eu sunt cel de-al treilea beagle din viata lor si sunt cel mai recunoscator.<\/p>\n","protected":false},"excerpt":{"rendered":"<p>Salut! Noi suntem, \u00een ordinea \u00een care ne-au adus \u00een casa lor, Netvy, Thea \u015fi Afi. Urmeaz\u0103 s\u0103 ne prezent\u0103m, pentru c\u0103 nu ne cunoa\u015fte\u0163i, pe rand. Preambul: Erau lini\u015fti\u0163i (ea, Atena \u015fi el, Dany) la \u00eenceputul rela\u0163iei lor c\u00e2nd au sim\u0163it c\u0103 au nevoie de un suflet care s\u0103 le coloreze vie\u0163ile \u015fi s\u0103 &hellip; <\/p>\n<p class=\"link-more\"><a href=\"https:\/\/danys.es\/?page_id=136\" class=\"more-link\">Cite\u0219te mai multe<span class=\"screen-reader-text\">\u201eDespre noi\u201d<\/span><\/a><\/p>\n","protected":false},"author":1,"featured_media":0,"parent":0,"menu_order":0,"comment_status":"closed","ping_status":"closed","template":"","meta":{"footnotes":""},"class_list":["post-136","page","type-page","status-publish","hentry"],"jetpack_sharing_enabled":true,"_links":{"self":[{"href":"https:\/\/danys.es\/index.php?rest_route=\/wp\/v2\/pages\/136","targetHints":{"allow":["GET"]}}],"collection":[{"href":"https:\/\/danys.es\/index.php?rest_route=\/wp\/v2\/pages"}],"about":[{"href":"https:\/\/danys.es\/index.php?rest_route=\/wp\/v2\/types\/page"}],"author":[{"embeddable":true,"href":"https:\/\/danys.es\/index.php?rest_route=\/wp\/v2\/users\/1"}],"replies":[{"embeddable":true,"href":"https:\/\/danys.es\/index.php?rest_route=%2Fwp%2Fv2%2Fcomments&post=136"}],"version-history":[{"count":2,"href":"https:\/\/danys.es\/index.php?rest_route=\/wp\/v2\/pages\/136\/revisions"}],"predecessor-version":[{"id":168,"href":"https:\/\/danys.es\/index.php?rest_route=\/wp\/v2\/pages\/136\/revisions\/168"}],"wp:attachment":[{"href":"https:\/\/danys.es\/index.php?rest_route=%2Fwp%2Fv2%2Fmedia&parent=136"}],"curies":[{"name":"wp","href":"https:\/\/api.w.org\/{rel}","templated":true}]}}