{"id":135,"date":"2024-08-13T11:19:33","date_gmt":"2024-08-13T11:19:33","guid":{"rendered":"https:\/\/danys.es\/?page_id=135"},"modified":"2024-08-13T17:39:39","modified_gmt":"2024-08-13T17:39:39","slug":"contact-2","status":"publish","type":"page","link":"https:\/\/danys.es\/?page_id=135","title":{"rendered":"Contact"},"content":{"rendered":"\n<p>\u00ce\u021bi mul\u021bumim c\u0103 ne-ai vizitat site-ul dedicat prietenilor no\u0219tri patrupezi, Beagle! Dac\u0103 ai \u00eentreb\u0103ri, sugestii sau dore\u0219ti s\u0103 afli mai multe despre pove\u0219tile celor trei Beagle ai no\u0219tri, ne po\u021bi contacta cu \u00eencredere. Suntem mereu bucuro\u0219i s\u0103 discut\u0103m despre dragostea noastr\u0103 pentru aceste minunate animale.<\/p>\n\n\n\n<p>\ud83d\udce7 <strong>Email:<\/strong> <a>ceitreibeagle@danys.ro<\/a><\/p>\n\n\n\n<p>A\u0219tept\u0103m cu ner\u0103bdare mesajul t\u0103u!<\/p>\n\n\n\n<p class=\"has-secondary-color has-white-background-color has-text-color has-background has-link-color wp-elements-c352fe7ad221ce2ad955f7434cf15a41\"><\/p>\n\n\n\n<p><\/p>\n","protected":false},"excerpt":{"rendered":"<p>\u00ce\u021bi mul\u021bumim c\u0103 ne-ai vizitat site-ul dedicat prietenilor no\u0219tri patrupezi, Beagle! Dac\u0103 ai \u00eentreb\u0103ri, sugestii sau dore\u0219ti s\u0103 afli mai multe despre pove\u0219tile celor trei Beagle ai no\u0219tri, ne po\u021bi contacta cu \u00eencredere. Suntem mereu bucuro\u0219i s\u0103 discut\u0103m despre dragostea noastr\u0103 pentru aceste minunate animale. \ud83d\udce7 Email: ceitreibeagle@danys.ro A\u0219tept\u0103m cu ner\u0103bdare mesajul t\u0103u!<\/p>\n","protected":false},"author":1,"featured_media":0,"parent":0,"menu_order":0,"comment_status":"closed","ping_status":"closed","template":"","meta":{"footnotes":""},"class_list":["post-135","page","type-page","status-publish","hentry"],"jetpack_sharing_enabled":true,"_links":{"self":[{"href":"https:\/\/danys.es\/index.php?rest_route=\/wp\/v2\/pages\/135","targetHints":{"allow":["GET"]}}],"collection":[{"href":"https:\/\/danys.es\/index.php?rest_route=\/wp\/v2\/pages"}],"about":[{"href":"https:\/\/danys.es\/index.php?rest_route=\/wp\/v2\/types\/page"}],"author":[{"embeddable":true,"href":"https:\/\/danys.es\/index.php?rest_route=\/wp\/v2\/users\/1"}],"replies":[{"embeddable":true,"href":"https:\/\/danys.es\/index.php?rest_route=%2Fwp%2Fv2%2Fcomments&post=135"}],"version-history":[{"count":4,"href":"https:\/\/danys.es\/index.php?rest_route=\/wp\/v2\/pages\/135\/revisions"}],"predecessor-version":[{"id":224,"href":"https:\/\/danys.es\/index.php?rest_route=\/wp\/v2\/pages\/135\/revisions\/224"}],"wp:attachment":[{"href":"https:\/\/danys.es\/index.php?rest_route=%2Fwp%2Fv2%2Fmedia&parent=135"}],"curies":[{"name":"wp","href":"https:\/\/api.w.org\/{rel}","templated":true}]}}